{"id":234,"date":"2020-02-02T16:33:19","date_gmt":"2020-02-02T15:33:19","guid":{"rendered":"http:\/\/ruhrsound-orchesteressen.de\/?page_id=234"},"modified":"2020-02-11T12:54:30","modified_gmt":"2020-02-11T11:54:30","slug":"newsletter","status":"publish","type":"page","link":"https:\/\/ruhrsound-orchesteressen.de\/?page_id=234","title":{"rendered":"Newsletter"},"content":{"rendered":"\n<p>Wenn Sie regelm\u00e4\u00dfig unseren Newsletter erhalten wollen, k\u00f6nnen Sie sich hier daf\u00fcr eintragen:<\/p>\n\n\n<p><div class=\"tnp tnp-subscription\">\n<form method=\"post\" action=\"https:\/\/ruhrsound-orchesteressen.de\/?na=s\" onsubmit=\"return newsletter_check(this)\">\n\n<input type=\"hidden\" name=\"nlang\" value=\"\">\n<input type=\"hidden\" name=\"nr\" value=\"page\">\n<div class=\"tnp-field tnp-field-email\"><label>Email<\/label><input class=\"tnp-email\" type=\"email\" name=\"ne\" required><\/div>\n<div class=\"tnp-field tnp-field-privacy\"><label><input type=\"checkbox\" name=\"ny\" required class=\"tnp-privacy\">&nbsp;<a target=\"_blank\" href=\"https:\/\/ruhrsound-orchesteressen.de\/?page_id=238\">Indem Sie fortfahren, akzeptieren Sie unsere Datenschutzerkl\u00e4rung.<\/a><\/label><\/div>\n<div class=\"tnp-field tnp-field-button\"><input class=\"tnp-submit\" type=\"submit\" value=\"Abonnieren\" >\n<\/div>\n<\/form>\n<\/div>\n<\/p>\n\n\n<p><\/p>\n","protected":false},"excerpt":{"rendered":"<p>Wenn Sie regelm\u00e4\u00dfig unseren Newsletter erhalten wollen, k\u00f6nnen Sie sich hier daf\u00fcr eintragen:<\/p>\n","protected":false},"author":1,"featured_media":0,"parent":0,"menu_order":0,"comment_status":"closed","ping_status":"closed","template":"","meta":[],"_links":{"self":[{"href":"https:\/\/ruhrsound-orchesteressen.de\/index.php?rest_route=\/wp\/v2\/pages\/234"}],"collection":[{"href":"https:\/\/ruhrsound-orchesteressen.de\/index.php?rest_route=\/wp\/v2\/pages"}],"about":[{"href":"https:\/\/ruhrsound-orchesteressen.de\/index.php?rest_route=\/wp\/v2\/types\/page"}],"author":[{"embeddable":true,"href":"https:\/\/ruhrsound-orchesteressen.de\/index.php?rest_route=\/wp\/v2\/users\/1"}],"replies":[{"embeddable":true,"href":"https:\/\/ruhrsound-orchesteressen.de\/index.php?rest_route=%2Fwp%2Fv2%2Fcomments&post=234"}],"version-history":[{"count":4,"href":"https:\/\/ruhrsound-orchesteressen.de\/index.php?rest_route=\/wp\/v2\/pages\/234\/revisions"}],"predecessor-version":[{"id":242,"href":"https:\/\/ruhrsound-orchesteressen.de\/index.php?rest_route=\/wp\/v2\/pages\/234\/revisions\/242"}],"wp:attachment":[{"href":"https:\/\/ruhrsound-orchesteressen.de\/index.php?rest_route=%2Fwp%2Fv2%2Fmedia&parent=234"}],"curies":[{"name":"wp","href":"https:\/\/api.w.org\/{rel}","templated":true}]}}