{"id":269,"date":"2021-07-26T15:52:30","date_gmt":"2021-07-26T13:52:30","guid":{"rendered":"https:\/\/ruhrsound-orchesteressen.de\/?page_id=269"},"modified":"2021-07-26T19:13:54","modified_gmt":"2021-07-26T17:13:54","slug":"konzert-29-august-2021","status":"publish","type":"page","link":"https:\/\/ruhrsound-orchesteressen.de\/?page_id=269","title":{"rendered":"Konzert 29. August 2021"},"content":{"rendered":"\n<figure class=\"wp-block-image size-large is-resized\"><img decoding=\"async\" loading=\"lazy\" src=\"http:\/\/ruhrsound-orchesteressen.de\/wp-content\/uploads\/2021\/07\/IMG_1495-scaled-e1627304257419-730x1024.jpg\" alt=\"\" class=\"wp-image-264\" width=\"280\" height=\"393\" srcset=\"https:\/\/ruhrsound-orchesteressen.de\/wp-content\/uploads\/2021\/07\/IMG_1495-scaled-e1627304257419-730x1024.jpg 730w, https:\/\/ruhrsound-orchesteressen.de\/wp-content\/uploads\/2021\/07\/IMG_1495-scaled-e1627304257419-214x300.jpg 214w, https:\/\/ruhrsound-orchesteressen.de\/wp-content\/uploads\/2021\/07\/IMG_1495-scaled-e1627304257419-768x1077.jpg 768w, https:\/\/ruhrsound-orchesteressen.de\/wp-content\/uploads\/2021\/07\/IMG_1495-scaled-e1627304257419-1095x1536.jpg 1095w, https:\/\/ruhrsound-orchesteressen.de\/wp-content\/uploads\/2021\/07\/IMG_1495-scaled-e1627304257419.jpg 1369w\" sizes=\"(max-width: 280px) 100vw, 280px\" \/><\/figure>\n\n\n\n<p><\/p>\n\n\n\n<p>Es freut uns au\u00dferordentlich Euch endlich einmal wieder ein Konzert ank\u00fcndigen zu k\u00f6nnen!<\/p>\n\n\n\n<p>am\u00a0\u00a0<strong>29. August 2021, 15:00Uhr<\/strong>\u00a0m\u00f6chten wir f\u00fcr Euch auf dem<br>Innenhof der <strong>Reformationskirche, Julienstr. 39<\/strong> musizieren.<\/p>\n\n\n\n<p>Aufgrund der aktuell geltenden Corona-Regeln ist nur eine geringe Zuschaueranzahl erlaubt, weshalb wir nur wenige Eintrittskarten zur Verf\u00fcgung haben.<\/p>\n\n\n\n<p>Der Vorverkauf startet am Mittwoch 28.07.2021.<\/p>\n\n\n\n<p>In folgenden Gesch\u00e4ften, sind die Eintrittskarten zum Preis von 8 \u20ac erh\u00e4ltlich:&nbsp;<\/p>\n\n\n\n<ul><li>Sanit\u00e4tshaus Lang (Veronikastr. 80a)&nbsp; &nbsp;<\/li><li>Haus der Mobilit\u00e4t (Alfredstr. 56)&nbsp; &nbsp;<\/li><li>Papeterie Petersen (R\u00fcttenscheiderstr. 105)&nbsp; &nbsp; &nbsp; &nbsp; &nbsp;<\/li><li>Andreas Apotheke (Paulinenstr. 10)&nbsp; &nbsp;<\/li><\/ul>\n\n\n\n<p><\/p>\n\n\n\n<p>Der Ablauf des Konzertes wird selbstverst\u00e4ndlich auch bestimmt durch Corona, daher m\u00fcssen wir euch bitten bei unserem Hygienekonzept mitzumachen.<\/p>\n\n\n\n<p><\/p>\n\n\n\n<p class=\"has-large-font-size\" id=\"HK\">Hygienekonzept:<\/p>\n\n\n\n<ul><li>Die Zuschauer m\u00fcssen zum Zeitpunkt des Konzertes geimpft, genesen oder in den letzten 24h negativ getestet sein. Eine entsprechende Kontrolle wird beim Einlass stattfinden.<\/li><li>Der Hof hat zwei Zug\u00e4nge (Julienstr. 39 und Reginenstr. 47a).&nbsp;&nbsp;Wir m\u00fcssen euch bitten ausschlie\u00dflich \u00fcber den <strong>Zugang Julienstr. <\/strong>auf das Gel\u00e4nde kommen. Das Gel\u00e4nde kann \u00fcber den Zugang Reginenstr. verlassen werden.<\/li><li>Am Ende des Konzertes k\u00f6nnen beide Zug\u00e4nge als Ausgang genutzt werden.<\/li><li>Eine Handdesinfektion am Eingang wird f\u00fcr euch bereitgestellt.<\/li><li>Die Zuschauerpl\u00e4tze sind nummeriert, eine freie Platzwahl wird es nicht geben.&nbsp;Da wir nachvollziehen k\u00f6nnen m\u00fcssen wer wo gesessen hat, m\u00f6chten wir euch bitten euren Namen und eure Adresse auf der Eintrittskarte zu notieren und diese an uns zur\u00fcckzugeben.<\/li><li><span style=\"color: initial;\">F\u00fcr die Nutzung des Sanit\u00e4rbereichs werden Einbahnstra\u00dfen markiert um unn\u00f6tige Begegnungen zu vermeiden.<\/span><\/li><li>Eine FFP2 oder medizinische Maske muss getragen werden, wenn ihr euch nicht auf euren Pl\u00e4tzen befindet. Am Platz darf die Maske abgenommen werden.<\/li><\/ul>\n","protected":false},"excerpt":{"rendered":"<p>Es freut uns au\u00dferordentlich Euch endlich einmal wieder ein Konzert ank\u00fcndigen zu k\u00f6nnen! am\u00a0\u00a029. August 2021, 15:00Uhr\u00a0m\u00f6chten wir f\u00fcr Euch<\/p>\n","protected":false},"author":1,"featured_media":0,"parent":0,"menu_order":0,"comment_status":"closed","ping_status":"closed","template":"","meta":[],"_links":{"self":[{"href":"https:\/\/ruhrsound-orchesteressen.de\/index.php?rest_route=\/wp\/v2\/pages\/269"}],"collection":[{"href":"https:\/\/ruhrsound-orchesteressen.de\/index.php?rest_route=\/wp\/v2\/pages"}],"about":[{"href":"https:\/\/ruhrsound-orchesteressen.de\/index.php?rest_route=\/wp\/v2\/types\/page"}],"author":[{"embeddable":true,"href":"https:\/\/ruhrsound-orchesteressen.de\/index.php?rest_route=\/wp\/v2\/users\/1"}],"replies":[{"embeddable":true,"href":"https:\/\/ruhrsound-orchesteressen.de\/index.php?rest_route=%2Fwp%2Fv2%2Fcomments&post=269"}],"version-history":[{"count":8,"href":"https:\/\/ruhrsound-orchesteressen.de\/index.php?rest_route=\/wp\/v2\/pages\/269\/revisions"}],"predecessor-version":[{"id":288,"href":"https:\/\/ruhrsound-orchesteressen.de\/index.php?rest_route=\/wp\/v2\/pages\/269\/revisions\/288"}],"wp:attachment":[{"href":"https:\/\/ruhrsound-orchesteressen.de\/index.php?rest_route=%2Fwp%2Fv2%2Fmedia&parent=269"}],"curies":[{"name":"wp","href":"https:\/\/api.w.org\/{rel}","templated":true}]}}