{"id":31,"date":"2018-11-04T13:41:11","date_gmt":"2018-11-04T13:41:11","guid":{"rendered":"http:\/\/ruhrsound-orchesteressen.de\/?page_id=31"},"modified":"2023-12-18T07:58:36","modified_gmt":"2023-12-18T06:58:36","slug":"verein","status":"publish","type":"page","link":"https:\/\/ruhrsound-orchesteressen.de\/?page_id=31","title":{"rendered":"Verein"},"content":{"rendered":"<h2>Der Verein<\/h2>\n<ul>\n<li>Unser gemeinn\u00fctziger Verein m\u00f6chte Menschen aller Altersklassen und sozialer Schichten unabh\u00e4ngig vom Migrationshintergrund f\u00fcr Musik, Kunst und Kultur begeistern. Musik ist eine Sprache, die jeder versteht. Sie f\u00fchrt zu gemeinsamen emotionalen Erlebnissen.<\/li>\n<\/ul>\n<ul>\n<li>Dieser Verein ist selbstlos t\u00e4tig und verfolgt keine wirtschaftlichen Zwecke. Er ist gemeinn\u00fctzig und setzt seine Mittel zur F\u00f6rderung der Jugend, Anschaffung von Instrumenten und Uniformen, Raumanmietung f\u00fcr Proben etc. ein.<\/li>\n<\/ul>\n<h3>Vorstand<\/h3>\n<ol>\n<li>Vorsitzender:\u00a0 \u00a0 Michael van de L\u00f6cht<\/li>\n<\/ol>\n","protected":false},"excerpt":{"rendered":"<p>Der Verein Unser gemeinn\u00fctziger Verein m\u00f6chte Menschen aller Altersklassen und sozialer Schichten unabh\u00e4ngig vom Migrationshintergrund f\u00fcr Musik, Kunst und Kultur<\/p>\n","protected":false},"author":1,"featured_media":0,"parent":0,"menu_order":0,"comment_status":"closed","ping_status":"closed","template":"","meta":[],"_links":{"self":[{"href":"https:\/\/ruhrsound-orchesteressen.de\/index.php?rest_route=\/wp\/v2\/pages\/31"}],"collection":[{"href":"https:\/\/ruhrsound-orchesteressen.de\/index.php?rest_route=\/wp\/v2\/pages"}],"about":[{"href":"https:\/\/ruhrsound-orchesteressen.de\/index.php?rest_route=\/wp\/v2\/types\/page"}],"author":[{"embeddable":true,"href":"https:\/\/ruhrsound-orchesteressen.de\/index.php?rest_route=\/wp\/v2\/users\/1"}],"replies":[{"embeddable":true,"href":"https:\/\/ruhrsound-orchesteressen.de\/index.php?rest_route=%2Fwp%2Fv2%2Fcomments&post=31"}],"version-history":[{"count":16,"href":"https:\/\/ruhrsound-orchesteressen.de\/index.php?rest_route=\/wp\/v2\/pages\/31\/revisions"}],"predecessor-version":[{"id":329,"href":"https:\/\/ruhrsound-orchesteressen.de\/index.php?rest_route=\/wp\/v2\/pages\/31\/revisions\/329"}],"wp:attachment":[{"href":"https:\/\/ruhrsound-orchesteressen.de\/index.php?rest_route=%2Fwp%2Fv2%2Fmedia&parent=31"}],"curies":[{"name":"wp","href":"https:\/\/api.w.org\/{rel}","templated":true}]}}