{"id":4,"date":"2018-11-04T13:11:00","date_gmt":"2018-11-04T13:11:00","guid":{"rendered":"http:\/\/ruhrsound-orchesteressen.de\/?page_id=4"},"modified":"2026-02-09T06:21:30","modified_gmt":"2026-02-09T05:21:30","slug":"startseite","status":"publish","type":"page","link":"https:\/\/ruhrsound-orchesteressen.de\/","title":{"rendered":"\u00dcber uns"},"content":{"rendered":"\n<h2 class=\"wp-block-heading has-text-align-center\"><\/h2>\n\n\n<h5>Musik bewegt, verbindet, bringt Freude in unser Leben<\/h5>\n<p>Das <strong>Ruhr-Sound-Orchester Essen<\/strong>, eines der gr\u00f6\u00dften Laienorchester Essens wurde 2010 von einer kleinen Gruppe engagierter Musiker gegr\u00fcndet.<\/p>\n<p>50 &#8211; 60 Blasinstrumente begleiten heute unser Schlagzeug zu St\u00fccken eines modernen und fr\u00f6hlichen Repertoires.<\/p>\n<p><img decoding=\"async\" loading=\"lazy\" class=\"alignnone wp-image-341 size-full\" src=\"http:\/\/ruhrsound-orchesteressen.de\/wp-content\/uploads\/2024\/11\/05120060-scaled-1.jpg\" alt=\"\" width=\"2147\" height=\"1441\" srcset=\"https:\/\/ruhrsound-orchesteressen.de\/wp-content\/uploads\/2024\/11\/05120060-scaled-1.jpg 2147w, https:\/\/ruhrsound-orchesteressen.de\/wp-content\/uploads\/2024\/11\/05120060-scaled-1-1024x687.jpg 1024w, https:\/\/ruhrsound-orchesteressen.de\/wp-content\/uploads\/2024\/11\/05120060-scaled-1-768x515.jpg 768w, https:\/\/ruhrsound-orchesteressen.de\/wp-content\/uploads\/2024\/11\/05120060-scaled-1-1536x1031.jpg 1536w, https:\/\/ruhrsound-orchesteressen.de\/wp-content\/uploads\/2024\/11\/05120060-scaled-1-2048x1375.jpg 2048w\" sizes=\"(max-width: 2147px) 100vw, 2147px\" \/><\/p>\n<p>Wir spielen Musik aus Film, Schlager, Pop, Rock und auch zu Karneval sind wir unterwegs.<\/p>\n<p>Niemand ist zu alt oder zu jung f\u00fcr uns. Ob Neueinsteiger, Anf\u00e4nger, Ge\u00fcbte oder Wiedereinsteiger &#8211; wir hei\u00dfen jeden willkommen mit uns zu musizieren.<\/p>\n<p>Neben vielf\u00e4ltigen Auftritten (Stadtteilfeste, Sch\u00fctzenfeste, Martinsz\u00fcge, Karnevalsfeiern, \u2026) erf\u00fcllen wir auch spezielle W\u00fcnsche: Sei es ein traditionelles \u201eGl\u00fcck auf\u201c oder ein innovativer Flashmob &#8211; jede Veranstaltung ist uns willkommen.<\/p>\n<p>Unser Jahreskonzert bietet immer eine gute Gelegenheit uns kennen zu lernen.<\/p>","protected":false},"excerpt":{"rendered":"<p>Musik bewegt, verbindet, bringt Freude in unser Leben Das Ruhr-Sound-Orchester Essen, eines der gr\u00f6\u00dften Laienorchester Essens wurde 2010 von einer<\/p>\n","protected":false},"author":1,"featured_media":0,"parent":0,"menu_order":0,"comment_status":"closed","ping_status":"closed","template":"","meta":[],"_links":{"self":[{"href":"https:\/\/ruhrsound-orchesteressen.de\/index.php?rest_route=\/wp\/v2\/pages\/4"}],"collection":[{"href":"https:\/\/ruhrsound-orchesteressen.de\/index.php?rest_route=\/wp\/v2\/pages"}],"about":[{"href":"https:\/\/ruhrsound-orchesteressen.de\/index.php?rest_route=\/wp\/v2\/types\/page"}],"author":[{"embeddable":true,"href":"https:\/\/ruhrsound-orchesteressen.de\/index.php?rest_route=\/wp\/v2\/users\/1"}],"replies":[{"embeddable":true,"href":"https:\/\/ruhrsound-orchesteressen.de\/index.php?rest_route=%2Fwp%2Fv2%2Fcomments&post=4"}],"version-history":[{"count":58,"href":"https:\/\/ruhrsound-orchesteressen.de\/index.php?rest_route=\/wp\/v2\/pages\/4\/revisions"}],"predecessor-version":[{"id":352,"href":"https:\/\/ruhrsound-orchesteressen.de\/index.php?rest_route=\/wp\/v2\/pages\/4\/revisions\/352"}],"wp:attachment":[{"href":"https:\/\/ruhrsound-orchesteressen.de\/index.php?rest_route=%2Fwp%2Fv2%2Fmedia&parent=4"}],"curies":[{"name":"wp","href":"https:\/\/api.w.org\/{rel}","templated":true}]}}