{"id":43,"date":"2018-11-04T13:50:07","date_gmt":"2018-11-04T13:50:07","guid":{"rendered":"http:\/\/ruhrsound-orchesteressen.de\/?page_id=43"},"modified":"2020-02-02T17:44:46","modified_gmt":"2020-02-02T16:44:46","slug":"kontakt","status":"publish","type":"page","link":"https:\/\/ruhrsound-orchesteressen.de\/?page_id=43","title":{"rendered":"Kontakt"},"content":{"rendered":"<h1>Mitmachen \/ Buchen \/ Sonstiges<\/h1>\n<p>Sie m\u00f6chten bei uns mitspielen, unser Orchester f\u00fcr eine Veranstaltung buchen oder aus anderen Gr\u00fcnden mit uns in Kontakt treten, dann wenden\u00a0Sie sich bitte an\u00a0das folgende Vereinsmitglied:<\/p>\n<p><strong>Michael van de L\u00f6cht:<\/strong><\/p>\n<p>Tel: 0157-52061888<\/p>\n<p><a href=\"mailto:ruhrsoundorchester-essen@freenet.de\">nachricht@ruhrsound-orchesteressen.de<\/a><\/p>\n<h1>Pers\u00f6nlicher Kontakt<\/h1>\n<p>Falls Sie lieber pers\u00f6nlich mit uns Kontakt aufnehmen m\u00f6chten, dann schauen sie doch einfach bei einer unserer Proben vorbei.<br \/>\nWir proben jeden Mittwoch von 18:00 Uhr bis 20:00 Uhr und Freitags 18:30 Uhr bis 20:30 Uhr in der Reformationskirche Essen-R\u00fcttenscheid (s. Adresse).<\/p>\n<p>In den Schulferien finden keine Proben statt.<\/p>\n<p><strong>Die Adresse ist:<\/strong><\/p>\n<p>Julienstra\u00dfe 39<br \/>\n45130 Essen<\/p>\n<p><img decoding=\"async\" loading=\"lazy\" class=\"alignnone size-large wp-image-136\" src=\"http:\/\/ruhrsound-orchesteressen.de\/wp-content\/uploads\/2018\/11\/karteJulienstr-1024x790.jpg\" alt=\"\" width=\"800\" height=\"617\" srcset=\"https:\/\/ruhrsound-orchesteressen.de\/wp-content\/uploads\/2018\/11\/karteJulienstr-1024x790.jpg 1024w, https:\/\/ruhrsound-orchesteressen.de\/wp-content\/uploads\/2018\/11\/karteJulienstr-300x231.jpg 300w, https:\/\/ruhrsound-orchesteressen.de\/wp-content\/uploads\/2018\/11\/karteJulienstr-768x592.jpg 768w, https:\/\/ruhrsound-orchesteressen.de\/wp-content\/uploads\/2018\/11\/karteJulienstr.jpg 1027w\" sizes=\"(max-width: 800px) 100vw, 800px\" \/><\/p>\n","protected":false},"excerpt":{"rendered":"<p>Mitmachen \/ Buchen \/ Sonstiges Sie m\u00f6chten bei uns mitspielen, unser Orchester f\u00fcr eine Veranstaltung buchen oder aus anderen Gr\u00fcnden<\/p>\n","protected":false},"author":1,"featured_media":0,"parent":0,"menu_order":0,"comment_status":"closed","ping_status":"closed","template":"","meta":[],"_links":{"self":[{"href":"https:\/\/ruhrsound-orchesteressen.de\/index.php?rest_route=\/wp\/v2\/pages\/43"}],"collection":[{"href":"https:\/\/ruhrsound-orchesteressen.de\/index.php?rest_route=\/wp\/v2\/pages"}],"about":[{"href":"https:\/\/ruhrsound-orchesteressen.de\/index.php?rest_route=\/wp\/v2\/types\/page"}],"author":[{"embeddable":true,"href":"https:\/\/ruhrsound-orchesteressen.de\/index.php?rest_route=\/wp\/v2\/users\/1"}],"replies":[{"embeddable":true,"href":"https:\/\/ruhrsound-orchesteressen.de\/index.php?rest_route=%2Fwp%2Fv2%2Fcomments&post=43"}],"version-history":[{"count":6,"href":"https:\/\/ruhrsound-orchesteressen.de\/index.php?rest_route=\/wp\/v2\/pages\/43\/revisions"}],"predecessor-version":[{"id":236,"href":"https:\/\/ruhrsound-orchesteressen.de\/index.php?rest_route=\/wp\/v2\/pages\/43\/revisions\/236"}],"wp:attachment":[{"href":"https:\/\/ruhrsound-orchesteressen.de\/index.php?rest_route=%2Fwp%2Fv2%2Fmedia&parent=43"}],"curies":[{"name":"wp","href":"https:\/\/api.w.org\/{rel}","templated":true}]}}